{"id":357,"date":"2017-11-14T15:53:22","date_gmt":"2017-11-14T14:53:22","guid":{"rendered":"http:\/\/cave-la-tonnelle.com\/?page_id=357"},"modified":"2020-06-09T19:26:27","modified_gmt":"2020-06-09T17:26:27","slug":"blancs","status":"publish","type":"page","link":"https:\/\/cave-la-tonnelle.com\/index.php\/vins\/blancs\/","title":{"rendered":"LES BLANCS"},"content":{"rendered":"<p>[et_pb_section fb_built=\u00a0\u00bb1&Prime; admin_label=\u00a0\u00bbsection\u00a0\u00bb _builder_version=\u00a0\u00bb3.0.84&Prime; custom_padding=\u00a0\u00bb32px|0px|0px|0px\u00a0\u00bb custom_css_main_element=\u00a0\u00bbbackground-color: #f9f9f9;\u00a0\u00bb][et_pb_row custom_padding=\u00a0\u00bb27px|0px|0px|0px\u00a0\u00bb _builder_version=\u00a0\u00bb3.0.84&Prime;][et_pb_column type=\u00a0\u00bb4_4&Prime; _builder_version=\u00a0\u00bb3.0.84&Prime; parallax=\u00a0\u00bboff\u00a0\u00bb parallax_method=\u00a0\u00bbon\u00a0\u00bb][et_pb_text _builder_version=\u00a0\u00bb3.0.84&Prime;]<\/p>\n<h1 style=\"text-align: center;\">LES VINS BLANCS<br \/>_<\/h1>\n<p>[\/et_pb_text][\/et_pb_column][\/et_pb_row][et_pb_row _builder_version=\u00a0\u00bb3.0.84&Prime; module_alignment=\u00a0\u00bbcenter\u00a0\u00bb][et_pb_column type=\u00a0\u00bb1_3&Prime; _builder_version=\u00a0\u00bb3.0.84&Prime; parallax=\u00a0\u00bboff\u00a0\u00bb parallax_method=\u00a0\u00bbon\u00a0\u00bb][et_pb_text _builder_version=\u00a0\u00bb3.0.84&Prime; text_font=\u00a0\u00bb||||||||\u00a0\u00bb header_font=\u00a0\u00bb||||||||\u00a0\u00bb header_2_font=\u00a0\u00bb|600|||||||\u00a0\u00bb header_2_font_size=\u00a0\u00bb17px\u00a0\u00bb header_3_font=\u00a0\u00bb|600|||||||\u00a0\u00bb header_3_font_size=\u00a0\u00bb15px\u00a0\u00bb]<\/p>\n<h3 style=\"text-align: left;\"><a href=\"http:\/\/cave-la-tonnelle.com\/index.php\/vins\/blancs\/hautes-alpes\/\">Hautes-Alpes<\/a><\/h3>\n<h3 style=\"text-align: left;\"><a href=\"http:\/\/cave-la-tonnelle.com\/index.php\/vins\/blancs\/loire\">Loire<\/a><\/h3>\n<h3 style=\"text-align: left;\"><a href=\"http:\/\/cave-la-tonnelle.com\/index.php\/vins\/blancs\/sud-ouest\/\">Sud-Ouest<\/a><\/h3>\n<p>\u00a0<\/p>\n<p>[\/et_pb_text][\/et_pb_column][et_pb_column type=\u00a0\u00bb1_3&Prime; _builder_version=\u00a0\u00bb3.0.84&Prime; parallax=\u00a0\u00bboff\u00a0\u00bb parallax_method=\u00a0\u00bbon\u00a0\u00bb][et_pb_text _builder_version=\u00a0\u00bb3.0.84&Prime; text_font=\u00a0\u00bb||||||||\u00a0\u00bb header_font=\u00a0\u00bb||||||||\u00a0\u00bb header_2_font=\u00a0\u00bb|600|||||||\u00a0\u00bb header_2_font_size=\u00a0\u00bb17px\u00a0\u00bb header_3_font=\u00a0\u00bb|600|||||||\u00a0\u00bb header_3_font_size=\u00a0\u00bb15px\u00a0\u00bb]<\/p>\n<h3><a href=\"http:\/\/cave-la-tonnelle.com\/index.php\/vins\/blancs\/jura\/\">Jura <\/a><\/h3>\n<h3><a href=\"http:\/\/cave-la-tonnelle.com\/index.php\/vins\/blancs\/provence\/\">Provence<\/a><\/h3>\n<h3><a href=\"http:\/\/cave-la-tonnelle.com\/index.php\/vins\/blancs\/languedoc-roussillon\/\">Languedoc-Roussillon<\/a><\/h3>\n<p>[\/et_pb_text][\/et_pb_column][et_pb_column type=\u00a0\u00bb1_3&Prime; _builder_version=\u00a0\u00bb3.0.84&Prime; parallax=\u00a0\u00bboff\u00a0\u00bb parallax_method=\u00a0\u00bbon\u00a0\u00bb][et_pb_text _builder_version=\u00a0\u00bb3.0.84&Prime; text_font=\u00a0\u00bb||||||||\u00a0\u00bb header_font=\u00a0\u00bb||||||||\u00a0\u00bb header_2_font=\u00a0\u00bb|600|||||||\u00a0\u00bb header_2_font_size=\u00a0\u00bb17px\u00a0\u00bb header_3_font=\u00a0\u00bb|600|||||||\u00a0\u00bb header_3_font_size=\u00a0\u00bb15px\u00a0\u00bb]<\/p>\n<h3><a href=\"http:\/\/cave-la-tonnelle.com\/index.php\/vins\/blancs\/savoie\/\">Savoie<\/a><\/h3>\n<h3><a href=\"http:\/\/cave-la-tonnelle.com\/index.php\/vins\/blancs\/cotes-du-rhones-et-vallee-du-rhone\/\">C\u00f4tes-du-Rh\u00f4ne &amp; Vall\u00e9e du Rh\u00f4ne<\/a><\/h3>\n<h3><a href=\"http:\/\/cave-la-tonnelle.com\/index.php\/vins\/blancs\/etranger\/italie\/\">Italie<\/a><\/h3>\n<p>[\/et_pb_text][\/et_pb_column][\/et_pb_row][\/et_pb_section][et_pb_section fb_built=\u00a0\u00bb1&Prime; admin_label=\u00a0\u00bbsection\u00a0\u00bb _builder_version=\u00a0\u00bb3.0.84&Prime; custom_padding=\u00a0\u00bb0px|0px|54px|0px\u00a0\u00bb custom_css_main_element=\u00a0\u00bbbackground-color: #f9f9f9;\u00a0\u00bb][et_pb_row make_fullwidth=\u00a0\u00bbon\u00a0\u00bb custom_padding=\u00a0\u00bb25px|0px|27px|0px\u00a0\u00bb admin_label=\u00a0\u00bbrow\u00a0\u00bb _builder_version=\u00a0\u00bb3.0.84&Prime; background_size=\u00a0\u00bbinitial\u00a0\u00bb background_position=\u00a0\u00bbtop_left\u00a0\u00bb background_repeat=\u00a0\u00bbrepeat\u00a0\u00bb][et_pb_column type=\u00a0\u00bb4_4&Prime; _builder_version=\u00a0\u00bb3.0.47&Prime; parallax=\u00a0\u00bboff\u00a0\u00bb parallax_method=\u00a0\u00bbon\u00a0\u00bb][et_pb_shop type=\u00a0\u00bbproduct_category\u00a0\u00bb posts_number=\u00a0\u00bb300&Prime; show_pagination=\u00a0\u00bbon\u00a0\u00bb include_categories=\u00a0\u00bbles-blancs\u00a0\u00bb columns_number=\u00a0\u00bb3&Prime; orderby=\u00a0\u00bbdate-desc\u00a0\u00bb sale_badge_color=\u00a0\u00bb#ffffff\u00a0\u00bb icon_hover_color=\u00a0\u00bb#d29865&Prime; hover_overlay_color=\u00a0\u00bbrgba(255,255,255,0.8)\u00a0\u00bb hover_icon=\u00a0\u00bb%%20%%\u00a0\u00bb _builder_version=\u00a0\u00bb3.0.84&Prime; title_font=\u00a0\u00bbRaleway|600|||||||\u00a0\u00bb title_text_align=\u00a0\u00bbcenter\u00a0\u00bb title_font_size=\u00a0\u00bb20px\u00a0\u00bb price_font=\u00a0\u00bb||||||||\u00a0\u00bb text_orientation=\u00a0\u00bbcenter\u00a0\u00bb custom_padding=\u00a0\u00bb|150px||150px\u00a0\u00bb custom_padding_phone=\u00a0\u00bb|10px||10px\u00a0\u00bb custom_padding_last_edited=\u00a0\u00bbon|phone\u00a0\u00bb][\/et_pb_shop][\/et_pb_column][\/et_pb_row][\/et_pb_section]<\/p>\n","protected":false},"excerpt":{"rendered":"<p>[et_pb_section fb_built=\u00a0\u00bb1&Prime; admin_label=\u00a0\u00bbsection\u00a0\u00bb _builder_version=\u00a0\u00bb3.0.84&Prime; custom_padding=\u00a0\u00bb32px|0px|0px|0px\u00a0\u00bb custom_css_main_element=\u00a0\u00bbbackground-color: #f9f9f9;\u00a0\u00bb][et_pb_row custom_padding=\u00a0\u00bb27px|0px|0px|0px\u00a0\u00bb _builder_version=\u00a0\u00bb3.0.84&Prime;][et_pb_column type=\u00a0\u00bb4_4&Prime; _builder_version=\u00a0\u00bb3.0.84&Prime; parallax=\u00a0\u00bboff\u00a0\u00bb parallax_method=\u00a0\u00bbon\u00a0\u00bb][et_pb_text _builder_version=\u00a0\u00bb3.0.84&Prime;] LES VINS BLANCS_ [\/et_pb_text][\/et_pb_column][\/et_pb_row][et_pb_row _builder_version=\u00a0\u00bb3.0.84&Prime; module_alignment=\u00a0\u00bbcenter\u00a0\u00bb][et_pb_column type=\u00a0\u00bb1_3&Prime; _builder_version=\u00a0\u00bb3.0.84&Prime; parallax=\u00a0\u00bboff\u00a0\u00bb parallax_method=\u00a0\u00bbon\u00a0\u00bb][et_pb_text _builder_version=\u00a0\u00bb3.0.84&Prime; text_font=\u00a0\u00bb||||||||\u00a0\u00bb header_font=\u00a0\u00bb||||||||\u00a0\u00bb header_2_font=\u00a0\u00bb|600|||||||\u00a0\u00bb header_2_font_size=\u00a0\u00bb17px\u00a0\u00bb header_3_font=\u00a0\u00bb|600|||||||\u00a0\u00bb header_3_font_size=\u00a0\u00bb15px\u00a0\u00bb] Hautes-Alpes Loire Sud-Ouest \u00a0 [\/et_pb_text][\/et_pb_column][et_pb_column type=\u00a0\u00bb1_3&Prime; _builder_version=\u00a0\u00bb3.0.84&Prime; parallax=\u00a0\u00bboff\u00a0\u00bb parallax_method=\u00a0\u00bbon\u00a0\u00bb][et_pb_text _builder_version=\u00a0\u00bb3.0.84&Prime; text_font=\u00a0\u00bb||||||||\u00a0\u00bb header_font=\u00a0\u00bb||||||||\u00a0\u00bb header_2_font=\u00a0\u00bb|600|||||||\u00a0\u00bb header_2_font_size=\u00a0\u00bb17px\u00a0\u00bb header_3_font=\u00a0\u00bb|600|||||||\u00a0\u00bb header_3_font_size=\u00a0\u00bb15px\u00a0\u00bb] Jura Provence Languedoc-Roussillon [\/et_pb_text][\/et_pb_column][et_pb_column type=\u00a0\u00bb1_3&Prime; _builder_version=\u00a0\u00bb3.0.84&Prime; parallax=\u00a0\u00bboff\u00a0\u00bb parallax_method=\u00a0\u00bbon\u00a0\u00bb][et_pb_text [&hellip;]<\/p>\n","protected":false},"author":1,"featured_media":0,"parent":52,"menu_order":0,"comment_status":"closed","ping_status":"closed","template":"","meta":{"footnotes":""},"_links":{"self":[{"href":"https:\/\/cave-la-tonnelle.com\/index.php\/wp-json\/wp\/v2\/pages\/357"}],"collection":[{"href":"https:\/\/cave-la-tonnelle.com\/index.php\/wp-json\/wp\/v2\/pages"}],"about":[{"href":"https:\/\/cave-la-tonnelle.com\/index.php\/wp-json\/wp\/v2\/types\/page"}],"author":[{"embeddable":true,"href":"https:\/\/cave-la-tonnelle.com\/index.php\/wp-json\/wp\/v2\/users\/1"}],"replies":[{"embeddable":true,"href":"https:\/\/cave-la-tonnelle.com\/index.php\/wp-json\/wp\/v2\/comments?post=357"}],"version-history":[{"count":21,"href":"https:\/\/cave-la-tonnelle.com\/index.php\/wp-json\/wp\/v2\/pages\/357\/revisions"}],"predecessor-version":[{"id":2241,"href":"https:\/\/cave-la-tonnelle.com\/index.php\/wp-json\/wp\/v2\/pages\/357\/revisions\/2241"}],"up":[{"embeddable":true,"href":"https:\/\/cave-la-tonnelle.com\/index.php\/wp-json\/wp\/v2\/pages\/52"}],"wp:attachment":[{"href":"https:\/\/cave-la-tonnelle.com\/index.php\/wp-json\/wp\/v2\/media?parent=357"}],"curies":[{"name":"wp","href":"https:\/\/api.w.org\/{rel}","templated":true}]}}