{"id":1087,"date":"2017-12-28T14:53:25","date_gmt":"2017-12-28T13:53:25","guid":{"rendered":"http:\/\/cave-la-tonnelle.com\/?post_type=product&#038;p=1087"},"modified":"2020-05-14T18:16:02","modified_gmt":"2020-05-14T16:16:02","slug":"aperitif-a-base-de-vin-peche","status":"publish","type":"product","link":"https:\/\/cave-la-tonnelle.com\/index.php\/produit\/aperitif-a-base-de-vin-peche\/","title":{"rendered":"Ap\u00e9ritif \u00e0 base de vin &#8211; P\u00eache"},"content":{"rendered":"<p>Contenance : 75 cl<\/p>\n","protected":false},"excerpt":{"rendered":"<p>Contenance : 75 cl<\/p>\n","protected":false},"featured_media":1084,"template":"","meta":[],"_links":{"self":[{"href":"https:\/\/cave-la-tonnelle.com\/index.php\/wp-json\/wp\/v2\/product\/1087"}],"collection":[{"href":"https:\/\/cave-la-tonnelle.com\/index.php\/wp-json\/wp\/v2\/product"}],"about":[{"href":"https:\/\/cave-la-tonnelle.com\/index.php\/wp-json\/wp\/v2\/types\/product"}],"wp:featuredmedia":[{"embeddable":true,"href":"https:\/\/cave-la-tonnelle.com\/index.php\/wp-json\/wp\/v2\/media\/1084"}],"wp:attachment":[{"href":"https:\/\/cave-la-tonnelle.com\/index.php\/wp-json\/wp\/v2\/media?parent=1087"}],"curies":[{"name":"wp","href":"https:\/\/api.w.org\/{rel}","templated":true}]}}