{"id":1150,"date":"2017-12-28T17:44:14","date_gmt":"2017-12-28T16:44:14","guid":{"rendered":"http:\/\/cave-la-tonnelle.com\/?post_type=product&#038;p=1150"},"modified":"2020-05-20T10:36:30","modified_gmt":"2020-05-20T08:36:30","slug":"bastide-de-verrerie-rouge","status":"publish","type":"product","link":"https:\/\/cave-la-tonnelle.com\/index.php\/produit\/bastide-de-verrerie-rouge\/","title":{"rendered":"Bastide de la Verrerie rouge BIO"},"content":{"rendered":"<p>Ann\u00e9e :<br \/>\nContenance : 75 cl<br \/>\nVall\u00e9e du Rh\u00f4ne<\/p>\n","protected":false},"excerpt":{"rendered":"<p>Ann\u00e9e : Contenance : 75 cl Vall\u00e9e du Rh\u00f4ne<\/p>\n","protected":false},"featured_media":1151,"template":"","meta":[],"_links":{"self":[{"href":"https:\/\/cave-la-tonnelle.com\/index.php\/wp-json\/wp\/v2\/product\/1150"}],"collection":[{"href":"https:\/\/cave-la-tonnelle.com\/index.php\/wp-json\/wp\/v2\/product"}],"about":[{"href":"https:\/\/cave-la-tonnelle.com\/index.php\/wp-json\/wp\/v2\/types\/product"}],"wp:featuredmedia":[{"embeddable":true,"href":"https:\/\/cave-la-tonnelle.com\/index.php\/wp-json\/wp\/v2\/media\/1151"}],"wp:attachment":[{"href":"https:\/\/cave-la-tonnelle.com\/index.php\/wp-json\/wp\/v2\/media?parent=1150"}],"curies":[{"name":"wp","href":"https:\/\/api.w.org\/{rel}","templated":true}]}}