{"id":1153,"date":"2017-12-28T17:46:38","date_gmt":"2017-12-28T16:46:38","guid":{"rendered":"http:\/\/cave-la-tonnelle.com\/?post_type=product&#038;p=1153"},"modified":"2020-05-20T10:35:32","modified_gmt":"2020-05-20T08:35:32","slug":"bastide-de-verrerie-viognier","status":"publish","type":"product","link":"https:\/\/cave-la-tonnelle.com\/index.php\/produit\/bastide-de-verrerie-viognier\/","title":{"rendered":"Viognier Bastide de la Verrerie BIO"},"content":{"rendered":"<p>Ann\u00e9e :<br \/>\nContenance : 75 cl<br \/>\nVall\u00e9e du Rh\u00f4ne<\/p>\n","protected":false},"excerpt":{"rendered":"<p>Ann\u00e9e : Contenance : 75 cl Vall\u00e9e du Rh\u00f4ne<\/p>\n","protected":false},"featured_media":1154,"template":"","meta":[],"_links":{"self":[{"href":"https:\/\/cave-la-tonnelle.com\/index.php\/wp-json\/wp\/v2\/product\/1153"}],"collection":[{"href":"https:\/\/cave-la-tonnelle.com\/index.php\/wp-json\/wp\/v2\/product"}],"about":[{"href":"https:\/\/cave-la-tonnelle.com\/index.php\/wp-json\/wp\/v2\/types\/product"}],"wp:featuredmedia":[{"embeddable":true,"href":"https:\/\/cave-la-tonnelle.com\/index.php\/wp-json\/wp\/v2\/media\/1154"}],"wp:attachment":[{"href":"https:\/\/cave-la-tonnelle.com\/index.php\/wp-json\/wp\/v2\/media?parent=1153"}],"curies":[{"name":"wp","href":"https:\/\/api.w.org\/{rel}","templated":true}]}}