{"id":1307,"date":"2018-01-09T20:19:15","date_gmt":"2018-01-09T19:19:15","guid":{"rendered":"http:\/\/cave-la-tonnelle.com\/?post_type=product&#038;p=1307"},"modified":"2018-04-17T16:41:19","modified_gmt":"2018-04-17T14:41:19","slug":"vin-doux-naturel-rasteau","status":"publish","type":"product","link":"https:\/\/cave-la-tonnelle.com\/index.php\/produit\/vin-doux-naturel-rasteau\/","title":{"rendered":"Vin doux naturel Rasteau"},"content":{"rendered":"<p>Ann\u00e9e : 2013<br \/>\nContenance : 75 cl<br \/>\nR\u00e9gion : C\u00f4tes-du-Rh\u00f4ne<\/p>\n","protected":false},"excerpt":{"rendered":"<p>Ann\u00e9e : 2013 Contenance : 75 cl R\u00e9gion : C\u00f4tes-du-Rh\u00f4ne<\/p>\n","protected":false},"featured_media":1308,"template":"","meta":[],"_links":{"self":[{"href":"https:\/\/cave-la-tonnelle.com\/index.php\/wp-json\/wp\/v2\/product\/1307"}],"collection":[{"href":"https:\/\/cave-la-tonnelle.com\/index.php\/wp-json\/wp\/v2\/product"}],"about":[{"href":"https:\/\/cave-la-tonnelle.com\/index.php\/wp-json\/wp\/v2\/types\/product"}],"wp:featuredmedia":[{"embeddable":true,"href":"https:\/\/cave-la-tonnelle.com\/index.php\/wp-json\/wp\/v2\/media\/1308"}],"wp:attachment":[{"href":"https:\/\/cave-la-tonnelle.com\/index.php\/wp-json\/wp\/v2\/media?parent=1307"}],"curies":[{"name":"wp","href":"https:\/\/api.w.org\/{rel}","templated":true}]}}