{"id":1343,"date":"2018-01-09T21:11:11","date_gmt":"2018-01-09T20:11:11","guid":{"rendered":"http:\/\/cave-la-tonnelle.com\/?post_type=product&#038;p=1343"},"modified":"2020-05-14T16:57:18","modified_gmt":"2020-05-14T14:57:18","slug":"domaine-petit-aout-amis-imaginaires-new-rose-fete-foraine","status":"publish","type":"product","link":"https:\/\/cave-la-tonnelle.com\/index.php\/produit\/domaine-petit-aout-amis-imaginaires-new-rose-fete-foraine\/","title":{"rendered":"Domaine Petit Ao\u00fbt Amis Imaginaires &#8211; New Rose &#8211; F\u00eate Foraine BIO"},"content":{"rendered":"<p>Ann\u00e9e :<br \/>\nContenance : 75 cl<br \/>\nR\u00e9gion : Hautes-Alpes<\/p>\n","protected":false},"excerpt":{"rendered":"<p>Ann\u00e9e : Contenance : 75 cl R\u00e9gion : Hautes-Alpes<\/p>\n","protected":false},"featured_media":1344,"template":"","meta":[],"_links":{"self":[{"href":"https:\/\/cave-la-tonnelle.com\/index.php\/wp-json\/wp\/v2\/product\/1343"}],"collection":[{"href":"https:\/\/cave-la-tonnelle.com\/index.php\/wp-json\/wp\/v2\/product"}],"about":[{"href":"https:\/\/cave-la-tonnelle.com\/index.php\/wp-json\/wp\/v2\/types\/product"}],"wp:featuredmedia":[{"embeddable":true,"href":"https:\/\/cave-la-tonnelle.com\/index.php\/wp-json\/wp\/v2\/media\/1344"}],"wp:attachment":[{"href":"https:\/\/cave-la-tonnelle.com\/index.php\/wp-json\/wp\/v2\/media?parent=1343"}],"curies":[{"name":"wp","href":"https:\/\/api.w.org\/{rel}","templated":true}]}}