{"id":1450,"date":"2018-01-16T10:02:09","date_gmt":"2018-01-16T09:02:09","guid":{"rendered":"http:\/\/cave-la-tonnelle.com\/?post_type=product&#038;p=1450"},"modified":"2020-05-15T18:59:05","modified_gmt":"2020-05-15T16:59:05","slug":"domaine-martin-cairanne-cdr-villages","status":"publish","type":"product","link":"https:\/\/cave-la-tonnelle.com\/index.php\/produit\/domaine-martin-cairanne-cdr-villages\/","title":{"rendered":"Cairanne Domaine Martin"},"content":{"rendered":"<p>Contenance : 75 cl<br \/>\nR\u00e9gion : C\u00f4tes-du-Rh\u00f4ne<\/p>\n","protected":false},"excerpt":{"rendered":"<p>Contenance : 75 cl R\u00e9gion : C\u00f4tes-du-Rh\u00f4ne<\/p>\n","protected":false},"featured_media":1451,"template":"","meta":[],"_links":{"self":[{"href":"https:\/\/cave-la-tonnelle.com\/index.php\/wp-json\/wp\/v2\/product\/1450"}],"collection":[{"href":"https:\/\/cave-la-tonnelle.com\/index.php\/wp-json\/wp\/v2\/product"}],"about":[{"href":"https:\/\/cave-la-tonnelle.com\/index.php\/wp-json\/wp\/v2\/types\/product"}],"wp:featuredmedia":[{"embeddable":true,"href":"https:\/\/cave-la-tonnelle.com\/index.php\/wp-json\/wp\/v2\/media\/1451"}],"wp:attachment":[{"href":"https:\/\/cave-la-tonnelle.com\/index.php\/wp-json\/wp\/v2\/media?parent=1450"}],"curies":[{"name":"wp","href":"https:\/\/api.w.org\/{rel}","templated":true}]}}