{"id":1453,"date":"2018-01-16T10:04:20","date_gmt":"2018-01-16T09:04:20","guid":{"rendered":"http:\/\/cave-la-tonnelle.com\/?post_type=product&#038;p=1453"},"modified":"2020-05-15T18:58:45","modified_gmt":"2020-05-15T16:58:45","slug":"domaine-martin-cotes-rhone","status":"publish","type":"product","link":"https:\/\/cave-la-tonnelle.com\/index.php\/produit\/domaine-martin-cotes-rhone\/","title":{"rendered":"C\u00f4te du Rh\u00f4ne Domaine Martin"},"content":{"rendered":"<p>Contenance : 75 cl<br \/>\nR\u00e9gion : C\u00f4tes-du-Rh\u00f4ne<\/p>\n","protected":false},"excerpt":{"rendered":"<p>Contenance : 75 cl R\u00e9gion : C\u00f4tes-du-Rh\u00f4ne<\/p>\n","protected":false},"featured_media":1454,"template":"","meta":[],"_links":{"self":[{"href":"https:\/\/cave-la-tonnelle.com\/index.php\/wp-json\/wp\/v2\/product\/1453"}],"collection":[{"href":"https:\/\/cave-la-tonnelle.com\/index.php\/wp-json\/wp\/v2\/product"}],"about":[{"href":"https:\/\/cave-la-tonnelle.com\/index.php\/wp-json\/wp\/v2\/types\/product"}],"wp:featuredmedia":[{"embeddable":true,"href":"https:\/\/cave-la-tonnelle.com\/index.php\/wp-json\/wp\/v2\/media\/1454"}],"wp:attachment":[{"href":"https:\/\/cave-la-tonnelle.com\/index.php\/wp-json\/wp\/v2\/media?parent=1453"}],"curies":[{"name":"wp","href":"https:\/\/api.w.org\/{rel}","templated":true}]}}