{"id":1483,"date":"2018-01-17T10:59:04","date_gmt":"2018-01-17T09:59:04","guid":{"rendered":"http:\/\/cave-la-tonnelle.com\/?post_type=product&#038;p=1483"},"modified":"2020-05-15T18:56:32","modified_gmt":"2020-05-15T16:56:32","slug":"mont","status":"publish","type":"product","link":"https:\/\/cave-la-tonnelle.com\/index.php\/produit\/mont\/","title":{"rendered":"Ch\u00e2teauneuf du Pape Mont-Redon"},"content":{"rendered":"<p>Contenance : Disponible en 75 cl et 150 cl<br \/>\nR\u00e9gion : C\u00f4tes-du-Rh\u00f4ne<\/p>\n","protected":false},"excerpt":{"rendered":"<p>Contenance : Disponible en 75 cl et 150 cl R\u00e9gion : C\u00f4tes-du-Rh\u00f4ne<\/p>\n","protected":false},"featured_media":1484,"template":"","meta":[],"_links":{"self":[{"href":"https:\/\/cave-la-tonnelle.com\/index.php\/wp-json\/wp\/v2\/product\/1483"}],"collection":[{"href":"https:\/\/cave-la-tonnelle.com\/index.php\/wp-json\/wp\/v2\/product"}],"about":[{"href":"https:\/\/cave-la-tonnelle.com\/index.php\/wp-json\/wp\/v2\/types\/product"}],"wp:featuredmedia":[{"embeddable":true,"href":"https:\/\/cave-la-tonnelle.com\/index.php\/wp-json\/wp\/v2\/media\/1484"}],"wp:attachment":[{"href":"https:\/\/cave-la-tonnelle.com\/index.php\/wp-json\/wp\/v2\/media?parent=1483"}],"curies":[{"name":"wp","href":"https:\/\/api.w.org\/{rel}","templated":true}]}}