{"id":1499,"date":"2018-01-17T11:15:15","date_gmt":"2018-01-17T10:15:15","guid":{"rendered":"http:\/\/cave-la-tonnelle.com\/?post_type=product&#038;p=1499"},"modified":"2018-09-01T18:34:54","modified_gmt":"2018-09-01T16:34:54","slug":"vin-doux-naturel-ortas-rasteau-dore","status":"publish","type":"product","link":"https:\/\/cave-la-tonnelle.com\/index.php\/produit\/vin-doux-naturel-ortas-rasteau-dore\/","title":{"rendered":"Vin Doux Naturel ortas Rasteau Dor\u00e9"},"content":{"rendered":"<p>Ann\u00e9e :<br \/>\nContenance : 75 cl<br \/>\nR\u00e9gion : C\u00f4tes-du-Rh\u00f4ne<\/p>\n","protected":false},"excerpt":{"rendered":"<p>Ann\u00e9e : Contenance : 75 cl R\u00e9gion : C\u00f4tes-du-Rh\u00f4ne<\/p>\n","protected":false},"featured_media":1493,"template":"","meta":[],"_links":{"self":[{"href":"https:\/\/cave-la-tonnelle.com\/index.php\/wp-json\/wp\/v2\/product\/1499"}],"collection":[{"href":"https:\/\/cave-la-tonnelle.com\/index.php\/wp-json\/wp\/v2\/product"}],"about":[{"href":"https:\/\/cave-la-tonnelle.com\/index.php\/wp-json\/wp\/v2\/types\/product"}],"wp:featuredmedia":[{"embeddable":true,"href":"https:\/\/cave-la-tonnelle.com\/index.php\/wp-json\/wp\/v2\/media\/1493"}],"wp:attachment":[{"href":"https:\/\/cave-la-tonnelle.com\/index.php\/wp-json\/wp\/v2\/media?parent=1499"}],"curies":[{"name":"wp","href":"https:\/\/api.w.org\/{rel}","templated":true}]}}