{"id":1585,"date":"2018-01-20T13:01:53","date_gmt":"2018-01-20T12:01:53","guid":{"rendered":"http:\/\/cave-la-tonnelle.com\/?post_type=product&#038;p=1585"},"modified":"2020-05-15T18:15:34","modified_gmt":"2020-05-15T16:15:34","slug":"chateau-neuf-pape-vieux-telegraphe","status":"publish","type":"product","link":"https:\/\/cave-la-tonnelle.com\/index.php\/produit\/chateau-neuf-pape-vieux-telegraphe\/","title":{"rendered":"Ch\u00e2teauneuf-du-Pape Vieux T\u00e9l\u00e9graphe"},"content":{"rendered":"<p>Contenance : 75 cl<br \/>\nR\u00e9gion : C\u00f4tes-du-Rh\u00f4ne<\/p>\n","protected":false},"excerpt":{"rendered":"<p>Contenance : 75 cl R\u00e9gion : C\u00f4tes-du-Rh\u00f4ne<\/p>\n","protected":false},"featured_media":1586,"template":"","meta":[],"_links":{"self":[{"href":"https:\/\/cave-la-tonnelle.com\/index.php\/wp-json\/wp\/v2\/product\/1585"}],"collection":[{"href":"https:\/\/cave-la-tonnelle.com\/index.php\/wp-json\/wp\/v2\/product"}],"about":[{"href":"https:\/\/cave-la-tonnelle.com\/index.php\/wp-json\/wp\/v2\/types\/product"}],"wp:featuredmedia":[{"embeddable":true,"href":"https:\/\/cave-la-tonnelle.com\/index.php\/wp-json\/wp\/v2\/media\/1586"}],"wp:attachment":[{"href":"https:\/\/cave-la-tonnelle.com\/index.php\/wp-json\/wp\/v2\/media?parent=1585"}],"curies":[{"name":"wp","href":"https:\/\/api.w.org\/{rel}","templated":true}]}}