{"id":1591,"date":"2018-01-20T13:12:15","date_gmt":"2018-01-20T12:12:15","guid":{"rendered":"http:\/\/cave-la-tonnelle.com\/?post_type=product&#038;p=1591"},"modified":"2020-05-15T18:15:03","modified_gmt":"2020-05-15T16:15:03","slug":"deponcins-condrieu","status":"publish","type":"product","link":"https:\/\/cave-la-tonnelle.com\/index.php\/produit\/deponcins-condrieu\/","title":{"rendered":"Condrieu Deponcins Fran\u00e7ois Villard"},"content":{"rendered":"<p>Contenance : 75 cl<br \/>\nR\u00e9gion : C\u00f4tes-du-Rh\u00f4ne<\/p>\n","protected":false},"excerpt":{"rendered":"<p>Contenance : 75 cl R\u00e9gion : C\u00f4tes-du-Rh\u00f4ne<\/p>\n","protected":false},"featured_media":1592,"template":"","meta":[],"_links":{"self":[{"href":"https:\/\/cave-la-tonnelle.com\/index.php\/wp-json\/wp\/v2\/product\/1591"}],"collection":[{"href":"https:\/\/cave-la-tonnelle.com\/index.php\/wp-json\/wp\/v2\/product"}],"about":[{"href":"https:\/\/cave-la-tonnelle.com\/index.php\/wp-json\/wp\/v2\/types\/product"}],"wp:featuredmedia":[{"embeddable":true,"href":"https:\/\/cave-la-tonnelle.com\/index.php\/wp-json\/wp\/v2\/media\/1592"}],"wp:attachment":[{"href":"https:\/\/cave-la-tonnelle.com\/index.php\/wp-json\/wp\/v2\/media?parent=1591"}],"curies":[{"name":"wp","href":"https:\/\/api.w.org\/{rel}","templated":true}]}}