{"id":1597,"date":"2018-01-20T13:15:50","date_gmt":"2018-01-20T12:15:50","guid":{"rendered":"http:\/\/cave-la-tonnelle.com\/?post_type=product&#038;p=1597"},"modified":"2020-05-15T18:14:32","modified_gmt":"2020-05-15T16:14:32","slug":"cote-rotie-gallet-blanc","status":"publish","type":"product","link":"https:\/\/cave-la-tonnelle.com\/index.php\/produit\/cote-rotie-gallet-blanc\/","title":{"rendered":"C\u00f4te R\u00f4tie le Gallet Blanc Fran\u00e7ois Villard"},"content":{"rendered":"<p>Contenance : 75 cl<br \/>\nR\u00e9gion : C\u00f4tes-du-Rh\u00f4ne<\/p>\n","protected":false},"excerpt":{"rendered":"<p>Contenance : 75 cl R\u00e9gion : C\u00f4tes-du-Rh\u00f4ne<\/p>\n","protected":false},"featured_media":1598,"template":"","meta":[],"_links":{"self":[{"href":"https:\/\/cave-la-tonnelle.com\/index.php\/wp-json\/wp\/v2\/product\/1597"}],"collection":[{"href":"https:\/\/cave-la-tonnelle.com\/index.php\/wp-json\/wp\/v2\/product"}],"about":[{"href":"https:\/\/cave-la-tonnelle.com\/index.php\/wp-json\/wp\/v2\/types\/product"}],"wp:featuredmedia":[{"embeddable":true,"href":"https:\/\/cave-la-tonnelle.com\/index.php\/wp-json\/wp\/v2\/media\/1598"}],"wp:attachment":[{"href":"https:\/\/cave-la-tonnelle.com\/index.php\/wp-json\/wp\/v2\/media?parent=1597"}],"curies":[{"name":"wp","href":"https:\/\/api.w.org\/{rel}","templated":true}]}}