{"id":1995,"date":"2018-06-19T17:43:02","date_gmt":"2018-06-19T15:43:02","guid":{"rendered":"http:\/\/cave-la-tonnelle.com\/?post_type=product&#038;p=1995"},"modified":"2020-05-15T18:07:23","modified_gmt":"2020-05-15T16:07:23","slug":"la-bastide-saint-dominique-chateau-neuf-du-pape-vin-rouge","status":"publish","type":"product","link":"https:\/\/cave-la-tonnelle.com\/index.php\/produit\/la-bastide-saint-dominique-chateau-neuf-du-pape-vin-rouge\/","title":{"rendered":"CHATEAUNEUF DU PAPE ROUGE BASTIDE ST DOMINIQUE BIO"},"content":{"rendered":"<p>Contenance : 75 cl<br \/>\nR\u00e9gion : C\u00f4te du Rh\u00f4ne<\/p>\n","protected":false},"excerpt":{"rendered":"<p>Contenance : 75 cl R\u00e9gion : C\u00f4te du Rh\u00f4ne<\/p>\n","protected":false},"featured_media":1992,"template":"","meta":[],"_links":{"self":[{"href":"https:\/\/cave-la-tonnelle.com\/index.php\/wp-json\/wp\/v2\/product\/1995"}],"collection":[{"href":"https:\/\/cave-la-tonnelle.com\/index.php\/wp-json\/wp\/v2\/product"}],"about":[{"href":"https:\/\/cave-la-tonnelle.com\/index.php\/wp-json\/wp\/v2\/types\/product"}],"wp:featuredmedia":[{"embeddable":true,"href":"https:\/\/cave-la-tonnelle.com\/index.php\/wp-json\/wp\/v2\/media\/1992"}],"wp:attachment":[{"href":"https:\/\/cave-la-tonnelle.com\/index.php\/wp-json\/wp\/v2\/media?parent=1995"}],"curies":[{"name":"wp","href":"https:\/\/api.w.org\/{rel}","templated":true}]}}