{"id":2021,"date":"2018-06-19T17:59:40","date_gmt":"2018-06-19T15:59:40","guid":{"rendered":"http:\/\/cave-la-tonnelle.com\/?post_type=product&#038;p=2021"},"modified":"2020-05-15T18:04:52","modified_gmt":"2020-05-15T16:04:52","slug":"reserve-saint-dominique-lirac","status":"publish","type":"product","link":"https:\/\/cave-la-tonnelle.com\/index.php\/produit\/reserve-saint-dominique-lirac\/","title":{"rendered":"LIRAC RESERVE SAINT DOMINIQUE"},"content":{"rendered":"<p>Contenance : 75 cl<br \/>\nR\u00e9gion : C\u00f4te du Rh\u00f4ne<\/p>\n","protected":false},"excerpt":{"rendered":"<p>Contenance : 75 cl R\u00e9gion : C\u00f4te du Rh\u00f4ne<\/p>\n","protected":false},"featured_media":2017,"template":"","meta":[],"_links":{"self":[{"href":"https:\/\/cave-la-tonnelle.com\/index.php\/wp-json\/wp\/v2\/product\/2021"}],"collection":[{"href":"https:\/\/cave-la-tonnelle.com\/index.php\/wp-json\/wp\/v2\/product"}],"about":[{"href":"https:\/\/cave-la-tonnelle.com\/index.php\/wp-json\/wp\/v2\/types\/product"}],"wp:featuredmedia":[{"embeddable":true,"href":"https:\/\/cave-la-tonnelle.com\/index.php\/wp-json\/wp\/v2\/media\/2017"}],"wp:attachment":[{"href":"https:\/\/cave-la-tonnelle.com\/index.php\/wp-json\/wp\/v2\/media?parent=2021"}],"curies":[{"name":"wp","href":"https:\/\/api.w.org\/{rel}","templated":true}]}}