{"id":2059,"date":"2020-05-01T17:06:49","date_gmt":"2020-05-01T15:06:49","guid":{"rendered":"http:\/\/cave-la-tonnelle.com\/?post_type=product&#038;p=2059"},"modified":"2020-05-01T17:08:53","modified_gmt":"2020-05-01T15:08:53","slug":"poire-bouche-domaine-claque-pepin","status":"publish","type":"product","link":"https:\/\/cave-la-tonnelle.com\/index.php\/produit\/poire-bouche-domaine-claque-pepin\/","title":{"rendered":"Poir\u00e9 Bouch\u00e9-Domaine Claque P\u00e9pin"},"content":{"rendered":"<p>Contenance : 75cl<\/p>\n<p>R\u00e9gion : Normandie<\/p>\n","protected":false},"excerpt":{"rendered":"<p>Contenance : 75cl R\u00e9gion : Normandie<\/p>\n","protected":false},"featured_media":2060,"template":"","meta":[],"_links":{"self":[{"href":"https:\/\/cave-la-tonnelle.com\/index.php\/wp-json\/wp\/v2\/product\/2059"}],"collection":[{"href":"https:\/\/cave-la-tonnelle.com\/index.php\/wp-json\/wp\/v2\/product"}],"about":[{"href":"https:\/\/cave-la-tonnelle.com\/index.php\/wp-json\/wp\/v2\/types\/product"}],"wp:featuredmedia":[{"embeddable":true,"href":"https:\/\/cave-la-tonnelle.com\/index.php\/wp-json\/wp\/v2\/media\/2060"}],"wp:attachment":[{"href":"https:\/\/cave-la-tonnelle.com\/index.php\/wp-json\/wp\/v2\/media?parent=2059"}],"curies":[{"name":"wp","href":"https:\/\/api.w.org\/{rel}","templated":true}]}}