{"id":523,"date":"2017-12-06T13:05:25","date_gmt":"2017-12-06T12:05:25","guid":{"rendered":"http:\/\/cave-la-tonnelle.com\/?post_type=product&#038;p=523"},"modified":"2020-05-16T10:00:00","modified_gmt":"2020-05-16T08:00:00","slug":"bastide-saint-dominique-rouge-bio","status":"publish","type":"product","link":"https:\/\/cave-la-tonnelle.com\/index.php\/produit\/bastide-saint-dominique-rouge-bio\/","title":{"rendered":"CDR Bastide Saint-Dominique rouge bio"},"content":{"rendered":"<p>Contenance : 75 cl<br \/>\nR\u00e9gion : C\u00f4tes-du-Rh\u00f4ne<\/p>\n","protected":false},"excerpt":{"rendered":"<p>Contenance : 75 cl R\u00e9gion : C\u00f4tes-du-Rh\u00f4ne<\/p>\n","protected":false},"featured_media":524,"template":"","meta":[],"_links":{"self":[{"href":"https:\/\/cave-la-tonnelle.com\/index.php\/wp-json\/wp\/v2\/product\/523"}],"collection":[{"href":"https:\/\/cave-la-tonnelle.com\/index.php\/wp-json\/wp\/v2\/product"}],"about":[{"href":"https:\/\/cave-la-tonnelle.com\/index.php\/wp-json\/wp\/v2\/types\/product"}],"wp:featuredmedia":[{"embeddable":true,"href":"https:\/\/cave-la-tonnelle.com\/index.php\/wp-json\/wp\/v2\/media\/524"}],"wp:attachment":[{"href":"https:\/\/cave-la-tonnelle.com\/index.php\/wp-json\/wp\/v2\/media?parent=523"}],"curies":[{"name":"wp","href":"https:\/\/api.w.org\/{rel}","templated":true}]}}