{"id":601,"date":"2017-12-18T11:29:07","date_gmt":"2017-12-18T10:29:07","guid":{"rendered":"http:\/\/cave-la-tonnelle.com\/?post_type=product&#038;p=601"},"modified":"2018-01-20T14:25:44","modified_gmt":"2018-01-20T13:25:44","slug":"creme-de-mures-roncieres-18","status":"publish","type":"product","link":"https:\/\/cave-la-tonnelle.com\/index.php\/produit\/creme-de-mures-roncieres-18\/","title":{"rendered":"Cr\u00e8me de m\u00fbres des ronci\u00e8res 18\u00b0"},"content":{"rendered":"<p>Liqueur CARTRON<br \/>\nContenance : 70 cl<br \/>\nDegr\u00e9s : 18<\/p>\n","protected":false},"excerpt":{"rendered":"<p>Liqueur CARTRON Contenance : 70 cl Degr\u00e9s : 18<\/p>\n","protected":false},"featured_media":602,"template":"","meta":[],"_links":{"self":[{"href":"https:\/\/cave-la-tonnelle.com\/index.php\/wp-json\/wp\/v2\/product\/601"}],"collection":[{"href":"https:\/\/cave-la-tonnelle.com\/index.php\/wp-json\/wp\/v2\/product"}],"about":[{"href":"https:\/\/cave-la-tonnelle.com\/index.php\/wp-json\/wp\/v2\/types\/product"}],"wp:featuredmedia":[{"embeddable":true,"href":"https:\/\/cave-la-tonnelle.com\/index.php\/wp-json\/wp\/v2\/media\/602"}],"wp:attachment":[{"href":"https:\/\/cave-la-tonnelle.com\/index.php\/wp-json\/wp\/v2\/media?parent=601"}],"curies":[{"name":"wp","href":"https:\/\/api.w.org\/{rel}","templated":true}]}}