{"id":683,"date":"2017-12-18T14:43:08","date_gmt":"2017-12-18T13:43:08","guid":{"rendered":"http:\/\/cave-la-tonnelle.com\/?post_type=product&#038;p=683"},"modified":"2020-05-16T09:51:02","modified_gmt":"2020-05-16T07:51:02","slug":"chateau-saint-martin-rose-cru-classe","status":"publish","type":"product","link":"https:\/\/cave-la-tonnelle.com\/index.php\/produit\/chateau-saint-martin-rose-cru-classe\/","title":{"rendered":"Ch\u00e2teau Saint-Martin cru class\u00e9 ros\u00e9"},"content":{"rendered":"<p>Contenance : 75 cl<br \/>\nR\u00e9gion : C\u00f4tes de Provence<\/p>\n","protected":false},"excerpt":{"rendered":"<p>Contenance : 75 cl R\u00e9gion : C\u00f4tes de Provence<\/p>\n","protected":false},"featured_media":679,"template":"","meta":[],"_links":{"self":[{"href":"https:\/\/cave-la-tonnelle.com\/index.php\/wp-json\/wp\/v2\/product\/683"}],"collection":[{"href":"https:\/\/cave-la-tonnelle.com\/index.php\/wp-json\/wp\/v2\/product"}],"about":[{"href":"https:\/\/cave-la-tonnelle.com\/index.php\/wp-json\/wp\/v2\/types\/product"}],"wp:featuredmedia":[{"embeddable":true,"href":"https:\/\/cave-la-tonnelle.com\/index.php\/wp-json\/wp\/v2\/media\/679"}],"wp:attachment":[{"href":"https:\/\/cave-la-tonnelle.com\/index.php\/wp-json\/wp\/v2\/media?parent=683"}],"curies":[{"name":"wp","href":"https:\/\/api.w.org\/{rel}","templated":true}]}}