{"id":782,"date":"2017-12-19T17:45:00","date_gmt":"2017-12-19T16:45:00","guid":{"rendered":"http:\/\/cave-la-tonnelle.com\/?post_type=product&#038;p=782"},"modified":"2020-05-16T09:34:39","modified_gmt":"2020-05-16T07:34:39","slug":"cotes-rhone-saint-esprit-rouge","status":"publish","type":"product","link":"https:\/\/cave-la-tonnelle.com\/index.php\/produit\/cotes-rhone-saint-esprit-rouge\/","title":{"rendered":"C\u00f4tes-du-Rh\u00f4ne Saint-esprit  Rouge DELAS"},"content":{"rendered":"<p>Contenance : 75 cl<br \/>\nR\u00e9gion : C\u00f4tes-du-Rh\u00f4ne<\/p>\n","protected":false},"excerpt":{"rendered":"<p>Contenance : 75 cl R\u00e9gion : C\u00f4tes-du-Rh\u00f4ne<\/p>\n","protected":false},"featured_media":783,"template":"","meta":[],"_links":{"self":[{"href":"https:\/\/cave-la-tonnelle.com\/index.php\/wp-json\/wp\/v2\/product\/782"}],"collection":[{"href":"https:\/\/cave-la-tonnelle.com\/index.php\/wp-json\/wp\/v2\/product"}],"about":[{"href":"https:\/\/cave-la-tonnelle.com\/index.php\/wp-json\/wp\/v2\/types\/product"}],"wp:featuredmedia":[{"embeddable":true,"href":"https:\/\/cave-la-tonnelle.com\/index.php\/wp-json\/wp\/v2\/media\/783"}],"wp:attachment":[{"href":"https:\/\/cave-la-tonnelle.com\/index.php\/wp-json\/wp\/v2\/media?parent=782"}],"curies":[{"name":"wp","href":"https:\/\/api.w.org\/{rel}","templated":true}]}}