{"id":804,"date":"2017-12-20T11:16:43","date_gmt":"2017-12-20T10:16:43","guid":{"rendered":"http:\/\/cave-la-tonnelle.com\/?post_type=product&#038;p=804"},"modified":"2020-05-16T09:33:17","modified_gmt":"2020-05-16T07:33:17","slug":"magnum-cotes-rhone-saint-esprit-rouge","status":"publish","type":"product","link":"https:\/\/cave-la-tonnelle.com\/index.php\/produit\/magnum-cotes-rhone-saint-esprit-rouge\/","title":{"rendered":"Magnum C\u00f4tes-du-Rh\u00f4ne Saint-Esprit rouge DELAS"},"content":{"rendered":"<p>Contenance : 150 cl<br \/>\nR\u00e9gion : C\u00f4tes-du-Rh\u00f4ne<\/p>\n","protected":false},"excerpt":{"rendered":"<p>Contenance : 150 cl R\u00e9gion : C\u00f4tes-du-Rh\u00f4ne<\/p>\n","protected":false},"featured_media":805,"template":"","meta":[],"_links":{"self":[{"href":"https:\/\/cave-la-tonnelle.com\/index.php\/wp-json\/wp\/v2\/product\/804"}],"collection":[{"href":"https:\/\/cave-la-tonnelle.com\/index.php\/wp-json\/wp\/v2\/product"}],"about":[{"href":"https:\/\/cave-la-tonnelle.com\/index.php\/wp-json\/wp\/v2\/types\/product"}],"wp:featuredmedia":[{"embeddable":true,"href":"https:\/\/cave-la-tonnelle.com\/index.php\/wp-json\/wp\/v2\/media\/805"}],"wp:attachment":[{"href":"https:\/\/cave-la-tonnelle.com\/index.php\/wp-json\/wp\/v2\/media?parent=804"}],"curies":[{"name":"wp","href":"https:\/\/api.w.org\/{rel}","templated":true}]}}