{"id":837,"date":"2017-12-20T11:37:25","date_gmt":"2017-12-20T10:37:25","guid":{"rendered":"http:\/\/cave-la-tonnelle.com\/?post_type=product&#038;p=837"},"modified":"2020-05-16T09:28:42","modified_gmt":"2020-05-16T07:28:42","slug":"cuvee-elementaire-cotes-rhone-villages","status":"publish","type":"product","link":"https:\/\/cave-la-tonnelle.com\/index.php\/produit\/cuvee-elementaire-cotes-rhone-villages\/","title":{"rendered":"L&rsquo;El\u00e9mentaire de Gramenon"},"content":{"rendered":"<p>Contenance : 75 cl<br \/>\nR\u00e9gion : C\u00f4tes-du-Rh\u00f4ne<\/p>\n","protected":false},"excerpt":{"rendered":"<p>Contenance : 75 cl R\u00e9gion : C\u00f4tes-du-Rh\u00f4ne<\/p>\n","protected":false},"featured_media":838,"template":"","meta":[],"_links":{"self":[{"href":"https:\/\/cave-la-tonnelle.com\/index.php\/wp-json\/wp\/v2\/product\/837"}],"collection":[{"href":"https:\/\/cave-la-tonnelle.com\/index.php\/wp-json\/wp\/v2\/product"}],"about":[{"href":"https:\/\/cave-la-tonnelle.com\/index.php\/wp-json\/wp\/v2\/types\/product"}],"wp:featuredmedia":[{"embeddable":true,"href":"https:\/\/cave-la-tonnelle.com\/index.php\/wp-json\/wp\/v2\/media\/838"}],"wp:attachment":[{"href":"https:\/\/cave-la-tonnelle.com\/index.php\/wp-json\/wp\/v2\/media?parent=837"}],"curies":[{"name":"wp","href":"https:\/\/api.w.org\/{rel}","templated":true}]}}