{"id":840,"date":"2017-12-20T11:38:43","date_gmt":"2017-12-20T10:38:43","guid":{"rendered":"http:\/\/cave-la-tonnelle.com\/?post_type=product&#038;p=840"},"modified":"2020-05-16T09:28:23","modified_gmt":"2020-05-16T07:28:23","slug":"dames-blanches-sud","status":"publish","type":"product","link":"https:\/\/cave-la-tonnelle.com\/index.php\/produit\/dames-blanches-sud\/","title":{"rendered":"Les dames blanches du sud Domaine de Grangeneuve"},"content":{"rendered":"<p>Contenance : 75 cl<br \/>\nR\u00e9gion : C\u00f4tes-du-Rh\u00f4ne<\/p>\n","protected":false},"excerpt":{"rendered":"<p>Contenance : 75 cl R\u00e9gion : C\u00f4tes-du-Rh\u00f4ne<\/p>\n","protected":false},"featured_media":841,"template":"","meta":[],"_links":{"self":[{"href":"https:\/\/cave-la-tonnelle.com\/index.php\/wp-json\/wp\/v2\/product\/840"}],"collection":[{"href":"https:\/\/cave-la-tonnelle.com\/index.php\/wp-json\/wp\/v2\/product"}],"about":[{"href":"https:\/\/cave-la-tonnelle.com\/index.php\/wp-json\/wp\/v2\/types\/product"}],"wp:featuredmedia":[{"embeddable":true,"href":"https:\/\/cave-la-tonnelle.com\/index.php\/wp-json\/wp\/v2\/media\/841"}],"wp:attachment":[{"href":"https:\/\/cave-la-tonnelle.com\/index.php\/wp-json\/wp\/v2\/media?parent=840"}],"curies":[{"name":"wp","href":"https:\/\/api.w.org\/{rel}","templated":true}]}}