{"id":852,"date":"2017-12-20T11:44:12","date_gmt":"2017-12-20T10:44:12","guid":{"rendered":"http:\/\/cave-la-tonnelle.com\/?post_type=product&#038;p=852"},"modified":"2020-05-16T09:27:14","modified_gmt":"2020-05-16T07:27:14","slug":"terre-depices","status":"publish","type":"product","link":"https:\/\/cave-la-tonnelle.com\/index.php\/produit\/terre-depices\/","title":{"rendered":"Terre d&rsquo;\u00e9pices Domaine de Grangeneuve"},"content":{"rendered":"<p>Contenance : 75 cl<br \/>\nR\u00e9gion : C\u00f4tes-du-Rh\u00f4ne<\/p>\n","protected":false},"excerpt":{"rendered":"<p>Contenance : 75 cl R\u00e9gion : C\u00f4tes-du-Rh\u00f4ne<\/p>\n","protected":false},"featured_media":853,"template":"","meta":[],"_links":{"self":[{"href":"https:\/\/cave-la-tonnelle.com\/index.php\/wp-json\/wp\/v2\/product\/852"}],"collection":[{"href":"https:\/\/cave-la-tonnelle.com\/index.php\/wp-json\/wp\/v2\/product"}],"about":[{"href":"https:\/\/cave-la-tonnelle.com\/index.php\/wp-json\/wp\/v2\/types\/product"}],"wp:featuredmedia":[{"embeddable":true,"href":"https:\/\/cave-la-tonnelle.com\/index.php\/wp-json\/wp\/v2\/media\/853"}],"wp:attachment":[{"href":"https:\/\/cave-la-tonnelle.com\/index.php\/wp-json\/wp\/v2\/media?parent=852"}],"curies":[{"name":"wp","href":"https:\/\/api.w.org\/{rel}","templated":true}]}}