{"id":855,"date":"2017-12-20T11:47:32","date_gmt":"2017-12-20T10:47:32","guid":{"rendered":"http:\/\/cave-la-tonnelle.com\/?post_type=product&#038;p=855"},"modified":"2018-04-17T15:51:51","modified_gmt":"2018-04-17T13:51:51","slug":"tradition","status":"publish","type":"product","link":"https:\/\/cave-la-tonnelle.com\/index.php\/produit\/tradition\/","title":{"rendered":"Tradition Domaine de Grangeneuve"},"content":{"rendered":"<p>Ann\u00e9e : 2016<br \/>\nContenance : 75 cl<br \/>\nR\u00e9gion : C\u00f4tes-du-Rh\u00f4ne<\/p>\n","protected":false},"excerpt":{"rendered":"<p>Ann\u00e9e : 2016 Contenance : 75 cl R\u00e9gion : C\u00f4tes-du-Rh\u00f4ne<\/p>\n","protected":false},"featured_media":856,"template":"","meta":[],"_links":{"self":[{"href":"https:\/\/cave-la-tonnelle.com\/index.php\/wp-json\/wp\/v2\/product\/855"}],"collection":[{"href":"https:\/\/cave-la-tonnelle.com\/index.php\/wp-json\/wp\/v2\/product"}],"about":[{"href":"https:\/\/cave-la-tonnelle.com\/index.php\/wp-json\/wp\/v2\/types\/product"}],"wp:featuredmedia":[{"embeddable":true,"href":"https:\/\/cave-la-tonnelle.com\/index.php\/wp-json\/wp\/v2\/media\/856"}],"wp:attachment":[{"href":"https:\/\/cave-la-tonnelle.com\/index.php\/wp-json\/wp\/v2\/media?parent=855"}],"curies":[{"name":"wp","href":"https:\/\/api.w.org\/{rel}","templated":true}]}}