{"id":858,"date":"2017-12-20T11:49:01","date_gmt":"2017-12-20T10:49:01","guid":{"rendered":"http:\/\/cave-la-tonnelle.com\/?post_type=product&#038;p=858"},"modified":"2020-05-16T09:26:56","modified_gmt":"2020-05-16T07:26:56","slug":"vieilles-vignes","status":"publish","type":"product","link":"https:\/\/cave-la-tonnelle.com\/index.php\/produit\/vieilles-vignes\/","title":{"rendered":"Vieilles vignes Domaine de Grangeneuve"},"content":{"rendered":"<p>Contenance : 75 cl<br \/>\nR\u00e9gion : C\u00f4tes-du-Rh\u00f4ne<\/p>\n","protected":false},"excerpt":{"rendered":"<p>Contenance : 75 cl R\u00e9gion : C\u00f4tes-du-Rh\u00f4ne<\/p>\n","protected":false},"featured_media":859,"template":"","meta":[],"_links":{"self":[{"href":"https:\/\/cave-la-tonnelle.com\/index.php\/wp-json\/wp\/v2\/product\/858"}],"collection":[{"href":"https:\/\/cave-la-tonnelle.com\/index.php\/wp-json\/wp\/v2\/product"}],"about":[{"href":"https:\/\/cave-la-tonnelle.com\/index.php\/wp-json\/wp\/v2\/types\/product"}],"wp:featuredmedia":[{"embeddable":true,"href":"https:\/\/cave-la-tonnelle.com\/index.php\/wp-json\/wp\/v2\/media\/859"}],"wp:attachment":[{"href":"https:\/\/cave-la-tonnelle.com\/index.php\/wp-json\/wp\/v2\/media?parent=858"}],"curies":[{"name":"wp","href":"https:\/\/api.w.org\/{rel}","templated":true}]}}