{"id":867,"date":"2017-12-20T11:55:12","date_gmt":"2017-12-20T10:55:12","guid":{"rendered":"http:\/\/cave-la-tonnelle.com\/?post_type=product&#038;p=867"},"modified":"2020-05-16T09:26:15","modified_gmt":"2020-05-16T07:26:15","slug":"syrah-essentielle","status":"publish","type":"product","link":"https:\/\/cave-la-tonnelle.com\/index.php\/produit\/syrah-essentielle\/","title":{"rendered":"Essentielle Rouge Domaine des Masques BIO"},"content":{"rendered":"<p>Syrah<\/p>\n<p>Contenance : 75 cl<br \/>\nR\u00e9gion : C\u00f4tes-du-Rh\u00f4ne<\/p>\n","protected":false},"excerpt":{"rendered":"<p>Syrah Contenance : 75 cl R\u00e9gion : C\u00f4tes-du-Rh\u00f4ne<\/p>\n","protected":false},"featured_media":868,"template":"","meta":[],"_links":{"self":[{"href":"https:\/\/cave-la-tonnelle.com\/index.php\/wp-json\/wp\/v2\/product\/867"}],"collection":[{"href":"https:\/\/cave-la-tonnelle.com\/index.php\/wp-json\/wp\/v2\/product"}],"about":[{"href":"https:\/\/cave-la-tonnelle.com\/index.php\/wp-json\/wp\/v2\/types\/product"}],"wp:featuredmedia":[{"embeddable":true,"href":"https:\/\/cave-la-tonnelle.com\/index.php\/wp-json\/wp\/v2\/media\/868"}],"wp:attachment":[{"href":"https:\/\/cave-la-tonnelle.com\/index.php\/wp-json\/wp\/v2\/media?parent=867"}],"curies":[{"name":"wp","href":"https:\/\/api.w.org\/{rel}","templated":true}]}}