{"id":943,"date":"2017-12-27T12:52:52","date_gmt":"2017-12-27T11:52:52","guid":{"rendered":"http:\/\/cave-la-tonnelle.com\/?post_type=product&#038;p=943"},"modified":"2020-05-16T09:19:27","modified_gmt":"2020-05-16T07:19:27","slug":"chateau-de-belgrave-haut-medoc-magnum-grand-cru-classe","status":"publish","type":"product","link":"https:\/\/cave-la-tonnelle.com\/index.php\/produit\/chateau-de-belgrave-haut-medoc-magnum-grand-cru-classe\/","title":{"rendered":"Ch\u00e2teau Belgrave Haut M\u00e9doc Magnum- Grand cru class\u00e9"},"content":{"rendered":"<p>Contenance : 150 cl<br \/>\nR\u00e9gion : Bordeaux<\/p>\n","protected":false},"excerpt":{"rendered":"<p>Contenance : 150 cl R\u00e9gion : Bordeaux<\/p>\n","protected":false},"featured_media":944,"template":"","meta":[],"_links":{"self":[{"href":"https:\/\/cave-la-tonnelle.com\/index.php\/wp-json\/wp\/v2\/product\/943"}],"collection":[{"href":"https:\/\/cave-la-tonnelle.com\/index.php\/wp-json\/wp\/v2\/product"}],"about":[{"href":"https:\/\/cave-la-tonnelle.com\/index.php\/wp-json\/wp\/v2\/types\/product"}],"wp:featuredmedia":[{"embeddable":true,"href":"https:\/\/cave-la-tonnelle.com\/index.php\/wp-json\/wp\/v2\/media\/944"}],"wp:attachment":[{"href":"https:\/\/cave-la-tonnelle.com\/index.php\/wp-json\/wp\/v2\/media?parent=943"}],"curies":[{"name":"wp","href":"https:\/\/api.w.org\/{rel}","templated":true}]}}